{"id":3128,"date":"2021-11-18T16:05:55","date_gmt":"2021-11-18T16:05:55","guid":{"rendered":"https:\/\/test.sunday.ma\/?post_type=product&#038;p=3128"},"modified":"2023-12-11T09:50:08","modified_gmt":"2023-12-11T09:50:08","slug":"bol-double-paroi-350ml","status":"publish","type":"product","link":"https:\/\/test.sunday.ma\/index.php\/product\/bol-double-paroi-350ml\/","title":{"rendered":"2 Bols double paroi 320ml"},"content":{"rendered":"<ul>\n<li><strong>Mati\u00e8re : Verre<\/strong><\/li>\n<li><strong>Capacit\u00e9 : 320 ml<\/strong><\/li>\n<li><strong>Passe au lave vaisselle<\/strong><\/li>\n<\/ul>\n","protected":false},"excerpt":{"rendered":"<p>Lot de 2 bols double paroi<\/p>\n<ul class=\"a-unordered-list a-vertical a-spacing-mini\">\n<li><span class=\"a-list-item\">Aspect \u00e9l\u00e9gant : les aliments servis ou les petites collations seront parfaitement pr\u00e9sent\u00e9s sur la table.<\/span><\/li>\n<li><span class=\"a-list-item\">Excellentes propri\u00e9t\u00e9s : gr\u00e2ce \u00e0 la double paroi, vous ne sentirez pas la temp\u00e9rature d&#8217;un plat chaud ou froid.<\/span><\/li>\n<li><span class=\"a-list-item\">Utilisation polyvalente : convient pour la glace, le yaourt, le dessert, la soupe, les petites collations.<\/span><\/li>\n<li><span class=\"a-list-item\">Haute qualit\u00e9 : fabriqu\u00e9 en verre borosilicate tremp\u00e9, l\u00e9ger mais r\u00e9sistant.<\/span><\/li>\n<\/ul>\n","protected":false},"featured_media":5589,"comment_status":"open","ping_status":"closed","template":"","meta":[],"product_cat":[119,121,120],"product_tag":[],"_links":{"self":[{"href":"https:\/\/test.sunday.ma\/index.php\/wp-json\/wp\/v2\/product\/3128"}],"collection":[{"href":"https:\/\/test.sunday.ma\/index.php\/wp-json\/wp\/v2\/product"}],"about":[{"href":"https:\/\/test.sunday.ma\/index.php\/wp-json\/wp\/v2\/types\/product"}],"replies":[{"embeddable":true,"href":"https:\/\/test.sunday.ma\/index.php\/wp-json\/wp\/v2\/comments?post=3128"}],"wp:featuredmedia":[{"embeddable":true,"href":"https:\/\/test.sunday.ma\/index.php\/wp-json\/wp\/v2\/media\/5589"}],"wp:attachment":[{"href":"https:\/\/test.sunday.ma\/index.php\/wp-json\/wp\/v2\/media?parent=3128"}],"wp:term":[{"taxonomy":"product_cat","embeddable":true,"href":"https:\/\/test.sunday.ma\/index.php\/wp-json\/wp\/v2\/product_cat?post=3128"},{"taxonomy":"product_tag","embeddable":true,"href":"https:\/\/test.sunday.ma\/index.php\/wp-json\/wp\/v2\/product_tag?post=3128"}],"curies":[{"name":"wp","href":"https:\/\/api.w.org\/{rel}","templated":true}]}}