{"id":2987,"date":"2021-11-18T16:04:46","date_gmt":"2021-11-18T16:04:46","guid":{"rendered":"https:\/\/test.sunday.ma\/?post_type=product&#038;p=2987"},"modified":"2023-12-11T09:50:08","modified_gmt":"2023-12-11T09:50:08","slug":"verre-double-paroi-350ml","status":"publish","type":"product","link":"https:\/\/test.sunday.ma\/index.php\/product\/verre-double-paroi-350ml\/","title":{"rendered":"Verre double paroi 350ml &#8211; Eau &#8211; Jus &#8211; Cappuccino"},"content":{"rendered":"<ul>\n<li><strong>Mati\u00e8re : Verre<\/strong><\/li>\n<li><strong>Capacit\u00e9 : 350 ml<\/strong><\/li>\n<li><strong>R\u00e9sistant \u00e0 la chaleur<\/strong><\/li>\n<li><strong>Passe au micro-ondes et au lave-vaisselle<\/strong><\/li>\n<\/ul>\n","protected":false},"excerpt":{"rendered":"<p>Verre Double Paroi 350 ml , \u00e9l\u00e9gant et design. Ce verre \u00e0 double paroi est l\u00e9ger durable et robuste,il est parfait pour servir vos boissons tels que cappuccino, smoothie, eau detox, mojito,mais conviennent \u00e9galement pour le dressage de vos plats, de l\u2019entr\u00e9e au dessert (Ces verres maintiennent parfaitement la chaleur mais \u00e9galement le froid)<\/p>\n","protected":false},"featured_media":5588,"comment_status":"open","ping_status":"closed","template":"","meta":[],"product_cat":[119,120],"product_tag":[],"_links":{"self":[{"href":"https:\/\/test.sunday.ma\/index.php\/wp-json\/wp\/v2\/product\/2987"}],"collection":[{"href":"https:\/\/test.sunday.ma\/index.php\/wp-json\/wp\/v2\/product"}],"about":[{"href":"https:\/\/test.sunday.ma\/index.php\/wp-json\/wp\/v2\/types\/product"}],"replies":[{"embeddable":true,"href":"https:\/\/test.sunday.ma\/index.php\/wp-json\/wp\/v2\/comments?post=2987"}],"wp:featuredmedia":[{"embeddable":true,"href":"https:\/\/test.sunday.ma\/index.php\/wp-json\/wp\/v2\/media\/5588"}],"wp:attachment":[{"href":"https:\/\/test.sunday.ma\/index.php\/wp-json\/wp\/v2\/media?parent=2987"}],"wp:term":[{"taxonomy":"product_cat","embeddable":true,"href":"https:\/\/test.sunday.ma\/index.php\/wp-json\/wp\/v2\/product_cat?post=2987"},{"taxonomy":"product_tag","embeddable":true,"href":"https:\/\/test.sunday.ma\/index.php\/wp-json\/wp\/v2\/product_tag?post=2987"}],"curies":[{"name":"wp","href":"https:\/\/api.w.org\/{rel}","templated":true}]}}