{"id":2911,"date":"2021-11-18T16:04:04","date_gmt":"2021-11-18T16:04:04","guid":{"rendered":"https:\/\/test.sunday.ma\/?post_type=product&#038;p=2911"},"modified":"2023-12-11T09:50:06","modified_gmt":"2023-12-11T09:50:06","slug":"rouleau-a-pizza","status":"publish","type":"product","link":"https:\/\/test.sunday.ma\/index.php\/product\/rouleau-a-pizza\/","title":{"rendered":"Rouleau \u00e0 pizza"},"content":{"rendered":"<p>Pratique et cr\u00e9atif: utilisez ce coupe-pizza cr\u00e9atif en forme de hache pour rendre la pizza amusante et plus facile.<br \/>\nROUE ROBUSTE ET DURABLE: La lame de trancheuse en forme de roue est en acier inoxydable de haute qualit\u00e9, sans rouille. Une lame solide et tranchante peut vous aider \u00e0 trancher la pizza facilement et \u00e0 fournir un temps de service durable.<br \/>\nDESIGN ERGONOMIQUE ET S\u00c9CURITAIRE: Poign\u00e9e ergonomique en bambou naturel. Il dispose \u00e9galement d&#8217;un prot\u00e8ge-doigts pratique pour \u00e9viter tout contact entre vos doigts et la molette.<br \/>\nLARGE APPLICATION: Que vous utilisiez cette trancheuse \u00e0 pizza dans une cuisine de restaurant ou \u00e0 la maison, vous pouvez l&#8217;utiliser pour couper des pizzas, de la p\u00e2te, des tartes, des sandwichs, des gaufres, des cr\u00eapes, des cr\u00eapes, des lasagnes et plus encore!<br \/>\nContenu de l&#8217;emballage: 1 pi\u00e8ce de coupe-pizza \u00e0 hache ( rouge).<\/p>\n","protected":false},"excerpt":{"rendered":"<p>utilisez ce coupe-pizza cr\u00e9atif en forme de hache pour rendre la pizza amusante et plus facile.<\/p>\n","protected":false},"featured_media":5582,"comment_status":"closed","ping_status":"closed","template":"","meta":[],"product_cat":[88],"product_tag":[],"_links":{"self":[{"href":"https:\/\/test.sunday.ma\/index.php\/wp-json\/wp\/v2\/product\/2911"}],"collection":[{"href":"https:\/\/test.sunday.ma\/index.php\/wp-json\/wp\/v2\/product"}],"about":[{"href":"https:\/\/test.sunday.ma\/index.php\/wp-json\/wp\/v2\/types\/product"}],"replies":[{"embeddable":true,"href":"https:\/\/test.sunday.ma\/index.php\/wp-json\/wp\/v2\/comments?post=2911"}],"wp:featuredmedia":[{"embeddable":true,"href":"https:\/\/test.sunday.ma\/index.php\/wp-json\/wp\/v2\/media\/5582"}],"wp:attachment":[{"href":"https:\/\/test.sunday.ma\/index.php\/wp-json\/wp\/v2\/media?parent=2911"}],"wp:term":[{"taxonomy":"product_cat","embeddable":true,"href":"https:\/\/test.sunday.ma\/index.php\/wp-json\/wp\/v2\/product_cat?post=2911"},{"taxonomy":"product_tag","embeddable":true,"href":"https:\/\/test.sunday.ma\/index.php\/wp-json\/wp\/v2\/product_tag?post=2911"}],"curies":[{"name":"wp","href":"https:\/\/api.w.org\/{rel}","templated":true}]}}