{"id":2907,"date":"2021-11-18T16:04:03","date_gmt":"2021-11-18T16:04:03","guid":{"rendered":"https:\/\/test.sunday.ma\/?post_type=product&#038;p=2907"},"modified":"2023-12-11T09:50:06","modified_gmt":"2023-12-11T09:50:06","slug":"pince-cuisine-2","status":"publish","type":"product","link":"https:\/\/test.sunday.ma\/index.php\/product\/pince-cuisine-2\/","title":{"rendered":"Pince cuisine"},"content":{"rendered":"","protected":false},"excerpt":{"rendered":"<p>Ustensile de cuisine en inox multi-usage pour la pr\u00e9paration de vos recettes. Cette pince peut \u00eatre utilis\u00e9e pour servir vos p\u00e2tes, l\u00e9gumes ou salades.<\/p>\n","protected":false},"featured_media":5580,"comment_status":"closed","ping_status":"closed","template":"","meta":[],"product_cat":[88],"product_tag":[],"_links":{"self":[{"href":"https:\/\/test.sunday.ma\/index.php\/wp-json\/wp\/v2\/product\/2907"}],"collection":[{"href":"https:\/\/test.sunday.ma\/index.php\/wp-json\/wp\/v2\/product"}],"about":[{"href":"https:\/\/test.sunday.ma\/index.php\/wp-json\/wp\/v2\/types\/product"}],"replies":[{"embeddable":true,"href":"https:\/\/test.sunday.ma\/index.php\/wp-json\/wp\/v2\/comments?post=2907"}],"wp:featuredmedia":[{"embeddable":true,"href":"https:\/\/test.sunday.ma\/index.php\/wp-json\/wp\/v2\/media\/5580"}],"wp:attachment":[{"href":"https:\/\/test.sunday.ma\/index.php\/wp-json\/wp\/v2\/media?parent=2907"}],"wp:term":[{"taxonomy":"product_cat","embeddable":true,"href":"https:\/\/test.sunday.ma\/index.php\/wp-json\/wp\/v2\/product_cat?post=2907"},{"taxonomy":"product_tag","embeddable":true,"href":"https:\/\/test.sunday.ma\/index.php\/wp-json\/wp\/v2\/product_tag?post=2907"}],"curies":[{"name":"wp","href":"https:\/\/api.w.org\/{rel}","templated":true}]}}