{"id":12949,"date":"2023-11-24T15:10:59","date_gmt":"2023-11-24T15:10:59","guid":{"rendered":"https:\/\/test.sunday.ma\/?post_type=product&#038;p=12949"},"modified":"2026-02-21T17:16:20","modified_gmt":"2026-02-21T17:16:20","slug":"2-carafes-avec-support-2","status":"publish","type":"product","link":"https:\/\/test.sunday.ma\/index.php\/product\/2-carafes-avec-support-2\/","title":{"rendered":"2 Carafes avec support"},"content":{"rendered":"<ul>\n<li><strong>Verre r\u00e9sistant \u00e0 la chaleur<\/strong><\/li>\n<li><strong>quantit\u00e9\/lot: 2 pi\u00e8ces<\/strong><\/li>\n<li><strong>Capacit\u00e9 : 500 ml<\/strong><\/li>\n<li><strong>Mati\u00e8re : Verre<\/strong><\/li>\n<li><strong>avec support<\/strong><\/li>\n<\/ul>\n","protected":false},"excerpt":{"rendered":"<p>Redonnez de l&#8217;\u00e9clat \u00e0 votre table gr\u00e2ce \u00e0 la beaut\u00e9 de ce service sp\u00e9cialement fabriquer a base de verre haut qualit\u00e9 il se compose d&#8217;une carafe \u00a0pouvant contenir jusqu&#8217;\u00e0 0,5L ainsi qu&#8217;un support en bois .<\/p>\n<p>(peut \u00eatre utilis\u00e9 pour des boissons chaudes)<\/p>\n<p><span style=\"color: #ff6600;\">Nettoyer ce produit avant la premi\u00e8re utilisation.<\/span><\/p>\n","protected":false},"featured_media":12950,"comment_status":"open","ping_status":"closed","template":"","meta":[],"product_cat":[123,117,114,125,119],"product_tag":[],"_links":{"self":[{"href":"https:\/\/test.sunday.ma\/index.php\/wp-json\/wp\/v2\/product\/12949"}],"collection":[{"href":"https:\/\/test.sunday.ma\/index.php\/wp-json\/wp\/v2\/product"}],"about":[{"href":"https:\/\/test.sunday.ma\/index.php\/wp-json\/wp\/v2\/types\/product"}],"replies":[{"embeddable":true,"href":"https:\/\/test.sunday.ma\/index.php\/wp-json\/wp\/v2\/comments?post=12949"}],"wp:featuredmedia":[{"embeddable":true,"href":"https:\/\/test.sunday.ma\/index.php\/wp-json\/wp\/v2\/media\/12950"}],"wp:attachment":[{"href":"https:\/\/test.sunday.ma\/index.php\/wp-json\/wp\/v2\/media?parent=12949"}],"wp:term":[{"taxonomy":"product_cat","embeddable":true,"href":"https:\/\/test.sunday.ma\/index.php\/wp-json\/wp\/v2\/product_cat?post=12949"},{"taxonomy":"product_tag","embeddable":true,"href":"https:\/\/test.sunday.ma\/index.php\/wp-json\/wp\/v2\/product_tag?post=12949"}],"curies":[{"name":"wp","href":"https:\/\/api.w.org\/{rel}","templated":true}]}}