{"id":12728,"date":"2023-11-15T17:42:52","date_gmt":"2023-11-15T17:42:52","guid":{"rendered":"https:\/\/test.sunday.ma\/?post_type=product&#038;p=12728"},"modified":"2023-12-11T09:51:49","modified_gmt":"2023-12-11T09:51:49","slug":"theiere-en-verre-transparent-theiere-marocain-650-ml","status":"publish","type":"product","link":"https:\/\/test.sunday.ma\/index.php\/product\/theiere-en-verre-transparent-theiere-marocain-650-ml\/","title":{"rendered":"Th\u00e9i\u00e8re en verre transparent, Th\u00e9i\u00e8re Marocain 650 ml"},"content":{"rendered":"","protected":false},"excerpt":{"rendered":"","protected":false},"featured_media":12729,"comment_status":"open","ping_status":"closed","template":"","meta":[],"product_cat":[123],"product_tag":[],"_links":{"self":[{"href":"https:\/\/test.sunday.ma\/index.php\/wp-json\/wp\/v2\/product\/12728"}],"collection":[{"href":"https:\/\/test.sunday.ma\/index.php\/wp-json\/wp\/v2\/product"}],"about":[{"href":"https:\/\/test.sunday.ma\/index.php\/wp-json\/wp\/v2\/types\/product"}],"replies":[{"embeddable":true,"href":"https:\/\/test.sunday.ma\/index.php\/wp-json\/wp\/v2\/comments?post=12728"}],"wp:featuredmedia":[{"embeddable":true,"href":"https:\/\/test.sunday.ma\/index.php\/wp-json\/wp\/v2\/media\/12729"}],"wp:attachment":[{"href":"https:\/\/test.sunday.ma\/index.php\/wp-json\/wp\/v2\/media?parent=12728"}],"wp:term":[{"taxonomy":"product_cat","embeddable":true,"href":"https:\/\/test.sunday.ma\/index.php\/wp-json\/wp\/v2\/product_cat?post=12728"},{"taxonomy":"product_tag","embeddable":true,"href":"https:\/\/test.sunday.ma\/index.php\/wp-json\/wp\/v2\/product_tag?post=12728"}],"curies":[{"name":"wp","href":"https:\/\/api.w.org\/{rel}","templated":true}]}}