{"id":12726,"date":"2023-11-15T17:35:37","date_gmt":"2023-11-15T17:35:37","guid":{"rendered":"https:\/\/test.sunday.ma\/?post_type=product&#038;p=12726"},"modified":"2023-12-11T09:51:49","modified_gmt":"2023-12-11T09:51:49","slug":"theiere-carree-en-verre-borosilicate","status":"publish","type":"product","link":"https:\/\/test.sunday.ma\/index.php\/product\/theiere-carree-en-verre-borosilicate\/","title":{"rendered":"th\u00e9i\u00e8re carr\u00e9e en verre borosilicate"},"content":{"rendered":"","protected":false},"excerpt":{"rendered":"","protected":false},"featured_media":12727,"comment_status":"open","ping_status":"closed","template":"","meta":[],"product_cat":[123],"product_tag":[],"_links":{"self":[{"href":"https:\/\/test.sunday.ma\/index.php\/wp-json\/wp\/v2\/product\/12726"}],"collection":[{"href":"https:\/\/test.sunday.ma\/index.php\/wp-json\/wp\/v2\/product"}],"about":[{"href":"https:\/\/test.sunday.ma\/index.php\/wp-json\/wp\/v2\/types\/product"}],"replies":[{"embeddable":true,"href":"https:\/\/test.sunday.ma\/index.php\/wp-json\/wp\/v2\/comments?post=12726"}],"wp:featuredmedia":[{"embeddable":true,"href":"https:\/\/test.sunday.ma\/index.php\/wp-json\/wp\/v2\/media\/12727"}],"wp:attachment":[{"href":"https:\/\/test.sunday.ma\/index.php\/wp-json\/wp\/v2\/media?parent=12726"}],"wp:term":[{"taxonomy":"product_cat","embeddable":true,"href":"https:\/\/test.sunday.ma\/index.php\/wp-json\/wp\/v2\/product_cat?post=12726"},{"taxonomy":"product_tag","embeddable":true,"href":"https:\/\/test.sunday.ma\/index.php\/wp-json\/wp\/v2\/product_tag?post=12726"}],"curies":[{"name":"wp","href":"https:\/\/api.w.org\/{rel}","templated":true}]}}