{"id":12440,"date":"2023-11-07T17:59:32","date_gmt":"2023-11-07T17:59:32","guid":{"rendered":"https:\/\/test.sunday.ma\/?post_type=product&#038;p=12440"},"modified":"2023-12-11T09:51:45","modified_gmt":"2023-12-11T09:51:45","slug":"1-verre-leger-double-paroi-80ml","status":"publish","type":"product","link":"https:\/\/test.sunday.ma\/index.php\/product\/1-verre-leger-double-paroi-80ml\/","title":{"rendered":"1 Verre l\u00e9ger double paroi 80ml"},"content":{"rendered":"<ul class=\"a-unordered-list a-vertical a-spacing-mini\">\n<li class=\"a-spacing-mini\"><span class=\"a-list-item\"><b>Verre \u00e9pais\u00a0<\/b>: le verre \u00e0 double paroi de 80 ml a un design \u00e0 2 couches, un aspect lisse et clair que les autres, une texture l\u00e9g\u00e8re, une haute r\u00e9sistance, une r\u00e9sistance aux hautes temp\u00e9ratures, plus transparent.<\/span><\/li>\n<li class=\"a-spacing-mini\"><span class=\"a-list-item\"><b>Verre borosilicate souffl\u00e9 \u00e0 la main\u00a0<\/b>: fabriqu\u00e9es en verre borosilicate souffl\u00e9 \u00e0 la main, nos tasses \u00e0 caf\u00e9 expresso sont plus l\u00e9g\u00e8res et pr\u00e9sentent beaucoup moins de d\u00e9fauts. Ce qui est plus durable que le verre normal et est bien connu comme le mat\u00e9riau le plus s\u00fbr \u00e0 entrer en contact avec l&#8217;eau.<\/span><\/li>\n<li class=\"a-spacing-mini\"><span class=\"a-list-item\"><b>Design \u00e0 double paroi\u00a0<\/b>: la tasse \u00e0 caf\u00e9 \u00e0 double paroi a un excellent effet d&#8217;isolation thermique, gardant votre boisson chaude ou froide pendant une longue p\u00e9riode tandis que le verre ext\u00e9rieur reste s\u00fbr au toucher ; suspend les boissons dans une paroi int\u00e9rieure pour un effet visuel attrayant<\/span><\/li>\n<li class=\"a-spacing-mini\"><span class=\"a-list-item\"><b>Taille parfaite\u00a0<\/b>: facile \u00e0 tenir et l\u00e9ger, capacit\u00e9 id\u00e9ale de 80 ml pour profiter du latte, du cappuccino, de l&#8217;expresso, du th\u00e9, du smoothie, de la bi\u00e8re, du jus, de la cr\u00e8me glac\u00e9e et d&#8217;autres boissons chaudes ou froides ; parfait pour les stations de caf\u00e9 pr\u00e8s de la machine \u00e0 caf\u00e9, les r\u00e9unions, les jours froids et les f\u00eates<\/span><\/li>\n<li class=\"a-spacing-mini\"><\/li>\n<\/ul>\n","protected":false},"excerpt":{"rendered":"<p>Verre Double Paroi &#8211; 8 cl, Les verres double paroi ont une forme v\u00e9ritablement exclusive, De part leur construction unique en double paroi rempli d&#8217;air, ils gardent les boissons chaudes plus longtemps sans vous br\u00fbler les doigts.<\/p>\n<blockquote><p>&nbsp;<\/p><\/blockquote>\n","protected":false},"featured_media":12441,"comment_status":"open","ping_status":"closed","template":"","meta":[],"product_cat":[120],"product_tag":[],"_links":{"self":[{"href":"https:\/\/test.sunday.ma\/index.php\/wp-json\/wp\/v2\/product\/12440"}],"collection":[{"href":"https:\/\/test.sunday.ma\/index.php\/wp-json\/wp\/v2\/product"}],"about":[{"href":"https:\/\/test.sunday.ma\/index.php\/wp-json\/wp\/v2\/types\/product"}],"replies":[{"embeddable":true,"href":"https:\/\/test.sunday.ma\/index.php\/wp-json\/wp\/v2\/comments?post=12440"}],"wp:featuredmedia":[{"embeddable":true,"href":"https:\/\/test.sunday.ma\/index.php\/wp-json\/wp\/v2\/media\/12441"}],"wp:attachment":[{"href":"https:\/\/test.sunday.ma\/index.php\/wp-json\/wp\/v2\/media?parent=12440"}],"wp:term":[{"taxonomy":"product_cat","embeddable":true,"href":"https:\/\/test.sunday.ma\/index.php\/wp-json\/wp\/v2\/product_cat?post=12440"},{"taxonomy":"product_tag","embeddable":true,"href":"https:\/\/test.sunday.ma\/index.php\/wp-json\/wp\/v2\/product_tag?post=12440"}],"curies":[{"name":"wp","href":"https:\/\/api.w.org\/{rel}","templated":true}]}}