{"id":12406,"date":"2023-11-06T14:06:21","date_gmt":"2023-11-06T14:06:21","guid":{"rendered":"https:\/\/test.sunday.ma\/?post_type=product&#038;p=12406"},"modified":"2023-12-11T09:51:44","modified_gmt":"2023-12-11T09:51:44","slug":"panier-a-legumes-et-fruits-rotatif-blanc","status":"publish","type":"product","link":"https:\/\/test.sunday.ma\/index.php\/product\/panier-a-legumes-et-fruits-rotatif-blanc\/","title":{"rendered":"Panier \u00e0 l\u00e9gumes et fruits rotatif blanc"},"content":{"rendered":"<p>\u00c0 propos de cet article<br \/>\nRespirant et robuste : le panier respirant en maille m\u00e9tallique crypt\u00e9e garde les fruits et l\u00e9gumes frais ; le dessus respirant creux rend les fruits et l\u00e9gumes difficiles \u00e0 pourrir. L\u2019acier au carbone ajoute plus d\u2019\u00e9l\u00e9ments que le fer pour le rendre plus solide.<br \/>\nPratique : panier rotatif, il est plus pratique de recevoir plus directement. Rotatif pour recevoir plus pratique, utilisation vari\u00e9e ; la distance de couche est augment\u00e9e des deux c\u00f4t\u00e9s de la cl\u00f4ture pour prot\u00e9ger les marchandises ne glissent pas, plus s\u00fbr. Le corps principal est int\u00e9gralement form\u00e9, il suffit de visser les roulettes pour un assemblage facile.<br \/>\n== Mouvement libre \u00e0 360\u00b0 : en haut de la table, vous pouvez ranger des choses, ne gaspillez pas d\u2019espace et le stockage solide ne secoue pas. Placez les choses plus intelligentes, pour r\u00e9pondre \u00e0 vos besoins. Avec la roue universelle, 360 \u00b0 pour un nettoyage facile, mouvement libre. Design de boucle des roues de frein, fix\u00e9 \u00e0 tout moment.<br \/>\nMulti-usage : placez le salon, les jouets pratiques et beaux pour enfants et les collations fruit\u00e9es sont facilement stock\u00e9es et soigneusement plac\u00e9es. Mettez la salle de bain, les produits ne sont pas salissants. Placez facilement les \u00e9pices, les condiments, la vaisselle, cuisinez de bons aliments sans tracas. Il peut \u00e9galement \u00eatre utilis\u00e9 dans les grands et petits supermarch\u00e9s, magasins de fleurs, h\u00f4tels, caf\u00e9s, restaurants, simple et \u00e9l\u00e9gant.<br \/>\n== Service apr\u00e8s-vente : vous pouvez \u00eatre s\u00fbr d\u2019acheter nos produits. Si vous avez des doutes, contactez-nous, nous vous donnerons une solution satisfaisante dans les 24 heures<\/p>\n","protected":false},"excerpt":{"rendered":"<p>Nom du produit : \u00e9tag\u00e8re de rangement de cuisine.<\/p>\n<p>Style du produit : type de sol.<\/p>\n<p>Couleur du produit : blanc.<br \/>\nForme du panier : rond (fond creux).<br \/>\nDimensions du produit :<br \/>\nRond<\/p>\n","protected":false},"featured_media":12407,"comment_status":"open","ping_status":"closed","template":"","meta":[],"product_cat":[89,81],"product_tag":[],"_links":{"self":[{"href":"https:\/\/test.sunday.ma\/index.php\/wp-json\/wp\/v2\/product\/12406"}],"collection":[{"href":"https:\/\/test.sunday.ma\/index.php\/wp-json\/wp\/v2\/product"}],"about":[{"href":"https:\/\/test.sunday.ma\/index.php\/wp-json\/wp\/v2\/types\/product"}],"replies":[{"embeddable":true,"href":"https:\/\/test.sunday.ma\/index.php\/wp-json\/wp\/v2\/comments?post=12406"}],"wp:featuredmedia":[{"embeddable":true,"href":"https:\/\/test.sunday.ma\/index.php\/wp-json\/wp\/v2\/media\/12407"}],"wp:attachment":[{"href":"https:\/\/test.sunday.ma\/index.php\/wp-json\/wp\/v2\/media?parent=12406"}],"wp:term":[{"taxonomy":"product_cat","embeddable":true,"href":"https:\/\/test.sunday.ma\/index.php\/wp-json\/wp\/v2\/product_cat?post=12406"},{"taxonomy":"product_tag","embeddable":true,"href":"https:\/\/test.sunday.ma\/index.php\/wp-json\/wp\/v2\/product_tag?post=12406"}],"curies":[{"name":"wp","href":"https:\/\/api.w.org\/{rel}","templated":true}]}}