{"id":12389,"date":"2023-11-05T08:52:25","date_gmt":"2023-11-05T08:52:25","guid":{"rendered":"https:\/\/test.sunday.ma\/?post_type=product&#038;p=12389"},"modified":"2023-12-11T09:51:43","modified_gmt":"2023-12-11T09:51:43","slug":"ensemble-de-6-pots-en-verre-a-yaourt-avec-couvercle-reutilisables-stockage-alimentaire-durable","status":"publish","type":"product","link":"https:\/\/test.sunday.ma\/index.php\/product\/ensemble-de-6-pots-en-verre-a-yaourt-avec-couvercle-reutilisables-stockage-alimentaire-durable\/","title":{"rendered":"Ensemble de 6 Pots en Verre \u00e0 Yaourt avec couvercle R\u00e9utilisables &#8211; Stockage Alimentaire Durable"},"content":{"rendered":"<p>Cet ensemble de 6 pots en verre de qualit\u00e9 sup\u00e9rieure est accompagn\u00e9 de couvercles herm\u00e9tiques, offrant une solution de stockage alimentaire pratique et durable pour vos yaourts faits maison et bien plus encore. Chaque pot, d&#8217;une contenance de 100ml , est id\u00e9al pour les portions individuelles ou pour conserver une vari\u00e9t\u00e9 de collations et de desserts. Les couvercles herm\u00e9tiques garantissent une conservation herm\u00e9tique, pr\u00e9servant ainsi la fra\u00eecheur des aliments plus longtemps.. Adoptez un mode de vie \u00e9coresponsable avec ces pots en verre r\u00e9utilisables et leurs couvercles, parfaits pour une conservation optimale et respectueuse de l&#8217;environnement.&#8221;<\/p>\n","protected":false},"excerpt":{"rendered":"<p>Lot de 6 pots en verre r\u00e9utilisables avec couvercles herm\u00e9tiques, parfaits pour conserver vos yaourts faits maison ou du commerce de mani\u00e8re \u00e9cologique<\/p>\n","protected":false},"featured_media":12390,"comment_status":"open","ping_status":"closed","template":"","meta":[],"product_cat":[123,89],"product_tag":[],"_links":{"self":[{"href":"https:\/\/test.sunday.ma\/index.php\/wp-json\/wp\/v2\/product\/12389"}],"collection":[{"href":"https:\/\/test.sunday.ma\/index.php\/wp-json\/wp\/v2\/product"}],"about":[{"href":"https:\/\/test.sunday.ma\/index.php\/wp-json\/wp\/v2\/types\/product"}],"replies":[{"embeddable":true,"href":"https:\/\/test.sunday.ma\/index.php\/wp-json\/wp\/v2\/comments?post=12389"}],"wp:featuredmedia":[{"embeddable":true,"href":"https:\/\/test.sunday.ma\/index.php\/wp-json\/wp\/v2\/media\/12390"}],"wp:attachment":[{"href":"https:\/\/test.sunday.ma\/index.php\/wp-json\/wp\/v2\/media?parent=12389"}],"wp:term":[{"taxonomy":"product_cat","embeddable":true,"href":"https:\/\/test.sunday.ma\/index.php\/wp-json\/wp\/v2\/product_cat?post=12389"},{"taxonomy":"product_tag","embeddable":true,"href":"https:\/\/test.sunday.ma\/index.php\/wp-json\/wp\/v2\/product_tag?post=12389"}],"curies":[{"name":"wp","href":"https:\/\/api.w.org\/{rel}","templated":true}]}}