{"id":12387,"date":"2023-11-04T22:23:57","date_gmt":"2023-11-04T22:23:57","guid":{"rendered":"https:\/\/test.sunday.ma\/?post_type=product&#038;p=12387"},"modified":"2023-12-11T09:51:42","modified_gmt":"2023-12-11T09:51:42","slug":"panier-a-legumes-et-fruits-rotatif-2","status":"publish","type":"product","link":"https:\/\/test.sunday.ma\/index.php\/product\/panier-a-legumes-et-fruits-rotatif-2\/","title":{"rendered":"Panier \u00e0 l\u00e9gumes et fruits rotatif"},"content":{"rendered":"<p>Couleur du produit: noir<\/p>\n<p>Mat\u00e9riau du produit: acier<\/p>\n","protected":false},"excerpt":{"rendered":"<p>\u00c9tag\u00e8re pivotante multicouche en acier inoxydable Panier \u00e0 360 degr\u00e9s<\/p>\n","protected":false},"featured_media":12388,"comment_status":"closed","ping_status":"closed","template":"","meta":[],"product_cat":[105],"product_tag":[],"_links":{"self":[{"href":"https:\/\/test.sunday.ma\/index.php\/wp-json\/wp\/v2\/product\/12387"}],"collection":[{"href":"https:\/\/test.sunday.ma\/index.php\/wp-json\/wp\/v2\/product"}],"about":[{"href":"https:\/\/test.sunday.ma\/index.php\/wp-json\/wp\/v2\/types\/product"}],"replies":[{"embeddable":true,"href":"https:\/\/test.sunday.ma\/index.php\/wp-json\/wp\/v2\/comments?post=12387"}],"wp:featuredmedia":[{"embeddable":true,"href":"https:\/\/test.sunday.ma\/index.php\/wp-json\/wp\/v2\/media\/12388"}],"wp:attachment":[{"href":"https:\/\/test.sunday.ma\/index.php\/wp-json\/wp\/v2\/media?parent=12387"}],"wp:term":[{"taxonomy":"product_cat","embeddable":true,"href":"https:\/\/test.sunday.ma\/index.php\/wp-json\/wp\/v2\/product_cat?post=12387"},{"taxonomy":"product_tag","embeddable":true,"href":"https:\/\/test.sunday.ma\/index.php\/wp-json\/wp\/v2\/product_tag?post=12387"}],"curies":[{"name":"wp","href":"https:\/\/api.w.org\/{rel}","templated":true}]}}