{"id":11692,"date":"2023-10-29T17:10:25","date_gmt":"2023-10-29T17:10:25","guid":{"rendered":"https:\/\/test.sunday.ma\/?post_type=product&#038;p=11692"},"modified":"2023-12-11T09:51:39","modified_gmt":"2023-12-11T09:51:39","slug":"range-couverts-organisateur-de-tiroir-organisateur-de-couverts-organisateur-de-rangement-support-de-boite","status":"publish","type":"product","link":"https:\/\/test.sunday.ma\/index.php\/product\/range-couverts-organisateur-de-tiroir-organisateur-de-couverts-organisateur-de-rangement-support-de-boite\/","title":{"rendered":"Organisateur de Couverts Extensible ,Range-couverts Organisateur de tiroir Organisateur de couverts Organisateur de rangement Support de bo\u00eete"},"content":{"rendered":"<p>Am\u00e9liorez votre espace de rangement avec notre Range-couverts extensible. Con\u00e7u pour s&#8217;adapter facilement \u00e0 des tiroirs de tailles variables (minimum requis : 29x28x5,5 | maximum: 42x29x5,5), ce syst\u00e8me intelligent de verrouillage assure un ajustement parfait, \u00e9liminant ainsi les glissements g\u00eanants. Les compartiments profonds vous aident \u00e0 garder vos couverts bien organis\u00e9s, \u00e9vitant tout m\u00e9lange ind\u00e9sirable. De plus, la zone \u00e9largie est sp\u00e9cialement con\u00e7ue pour accueillir des couteaux et des ustensiles plus grands, tandis que le petit compartiment pratique et mobile est parfait pour iranger vos petits ustensiles en toute simplicit\u00e9. Simplifiez votre quotidien avec cet organisateur de tiroir polyvalent et pratique<\/p>\n","protected":false},"excerpt":{"rendered":"<p>Optimisez l&#8217;organisation de vos tiroirs avec notre Range-couverts extensible. Ce plateau s&#8217;adapte parfaitement \u00e0 diff\u00e9rentes tailles de tiroirs. Les compartiments profonds emp\u00eachent les couverts de se m\u00e9langer, tandis que la zone \u00e9largie est id\u00e9ale pour les couteaux et les ustensiles plus grands.<\/p>\n","protected":false},"featured_media":11693,"comment_status":"closed","ping_status":"closed","template":"","meta":[],"product_cat":[105],"product_tag":[],"_links":{"self":[{"href":"https:\/\/test.sunday.ma\/index.php\/wp-json\/wp\/v2\/product\/11692"}],"collection":[{"href":"https:\/\/test.sunday.ma\/index.php\/wp-json\/wp\/v2\/product"}],"about":[{"href":"https:\/\/test.sunday.ma\/index.php\/wp-json\/wp\/v2\/types\/product"}],"replies":[{"embeddable":true,"href":"https:\/\/test.sunday.ma\/index.php\/wp-json\/wp\/v2\/comments?post=11692"}],"wp:featuredmedia":[{"embeddable":true,"href":"https:\/\/test.sunday.ma\/index.php\/wp-json\/wp\/v2\/media\/11693"}],"wp:attachment":[{"href":"https:\/\/test.sunday.ma\/index.php\/wp-json\/wp\/v2\/media?parent=11692"}],"wp:term":[{"taxonomy":"product_cat","embeddable":true,"href":"https:\/\/test.sunday.ma\/index.php\/wp-json\/wp\/v2\/product_cat?post=11692"},{"taxonomy":"product_tag","embeddable":true,"href":"https:\/\/test.sunday.ma\/index.php\/wp-json\/wp\/v2\/product_tag?post=11692"}],"curies":[{"name":"wp","href":"https:\/\/api.w.org\/{rel}","templated":true}]}}