{"id":11682,"date":"2023-10-29T16:54:34","date_gmt":"2023-10-29T16:54:34","guid":{"rendered":"https:\/\/test.sunday.ma\/?post_type=product&#038;p=11682"},"modified":"2023-12-11T09:51:39","modified_gmt":"2023-12-11T09:51:39","slug":"figurine-cheval-en-laiton-dore-decoration-statue-a-collectionner","status":"publish","type":"product","link":"https:\/\/test.sunday.ma\/index.php\/product\/figurine-cheval-en-laiton-dore-decoration-statue-a-collectionner\/","title":{"rendered":"Figurine cheval en laiton dor\u00e9, d\u00e9coration, Statue \u00e0 collectionner"},"content":{"rendered":"<p>Nous v\u00e9rifierons soigneusement chaque article avant l&#8217;exp\u00e9dition.<br \/>\nAssurance qualit\u00e9!<\/p>\n<p>Mat\u00e9riau: cuivre<br \/>\nCouleur: voir photo<br \/>\nTaille: voir photo<\/p>\n","protected":false},"excerpt":{"rendered":"<p>Statue de cheval dor\u00e9 en laiton, Figurine de cheval en cuivre, d\u00e9coration de maison, ornement de bureau, Sculpture \u00e0 collectionner, cadeau de finition dor\u00e9e<\/p>\n","protected":false},"featured_media":11683,"comment_status":"closed","ping_status":"closed","template":"","meta":[],"product_cat":[111],"product_tag":[],"_links":{"self":[{"href":"https:\/\/test.sunday.ma\/index.php\/wp-json\/wp\/v2\/product\/11682"}],"collection":[{"href":"https:\/\/test.sunday.ma\/index.php\/wp-json\/wp\/v2\/product"}],"about":[{"href":"https:\/\/test.sunday.ma\/index.php\/wp-json\/wp\/v2\/types\/product"}],"replies":[{"embeddable":true,"href":"https:\/\/test.sunday.ma\/index.php\/wp-json\/wp\/v2\/comments?post=11682"}],"wp:featuredmedia":[{"embeddable":true,"href":"https:\/\/test.sunday.ma\/index.php\/wp-json\/wp\/v2\/media\/11683"}],"wp:attachment":[{"href":"https:\/\/test.sunday.ma\/index.php\/wp-json\/wp\/v2\/media?parent=11682"}],"wp:term":[{"taxonomy":"product_cat","embeddable":true,"href":"https:\/\/test.sunday.ma\/index.php\/wp-json\/wp\/v2\/product_cat?post=11682"},{"taxonomy":"product_tag","embeddable":true,"href":"https:\/\/test.sunday.ma\/index.php\/wp-json\/wp\/v2\/product_tag?post=11682"}],"curies":[{"name":"wp","href":"https:\/\/api.w.org\/{rel}","templated":true}]}}