{"id":11677,"date":"2023-10-29T13:37:02","date_gmt":"2023-10-29T13:37:02","guid":{"rendered":"https:\/\/test.sunday.ma\/?post_type=product&#038;p=11677"},"modified":"2023-12-11T09:51:38","modified_gmt":"2023-12-11T09:51:38","slug":"statue-decorative-de-couple","status":"publish","type":"product","link":"https:\/\/test.sunday.ma\/index.php\/product\/statue-decorative-de-couple\/","title":{"rendered":"Statue D\u00e9corative de Couple"},"content":{"rendered":"<p>Ajoutez une touche artistique \u00e0 votre d\u00e9coration int\u00e9rieure avec cette statue de couple d\u00e9corative. Fabriqu\u00e9e avec des mat\u00e9riaux de haute qualit\u00e9, cette sculpture repr\u00e9sente l&#8217;amour et l&#8217;harmonie, apportant une atmosph\u00e8re chaleureuse et intime dans n&#8217;importe quelle pi\u00e8ce de votre maison. Placez-la sur une \u00e9tag\u00e8re, une table ou tout autre espace pour cr\u00e9er un point focal \u00e9l\u00e9gant et captivant.<\/p>\n","protected":false},"excerpt":{"rendered":"<p>Ajoutez une touche d&#8217;\u00e9l\u00e9gance \u00e0 votre espace avec cette magnifique statue de couple d\u00e9corative. Parfaite pour cr\u00e9er une ambiance chaleureuse et intime dans n&#8217;importe quelle pi\u00e8ce de votre maison.<\/p>\n","protected":false},"featured_media":11678,"comment_status":"closed","ping_status":"closed","template":"","meta":[],"product_cat":[111],"product_tag":[],"_links":{"self":[{"href":"https:\/\/test.sunday.ma\/index.php\/wp-json\/wp\/v2\/product\/11677"}],"collection":[{"href":"https:\/\/test.sunday.ma\/index.php\/wp-json\/wp\/v2\/product"}],"about":[{"href":"https:\/\/test.sunday.ma\/index.php\/wp-json\/wp\/v2\/types\/product"}],"replies":[{"embeddable":true,"href":"https:\/\/test.sunday.ma\/index.php\/wp-json\/wp\/v2\/comments?post=11677"}],"wp:featuredmedia":[{"embeddable":true,"href":"https:\/\/test.sunday.ma\/index.php\/wp-json\/wp\/v2\/media\/11678"}],"wp:attachment":[{"href":"https:\/\/test.sunday.ma\/index.php\/wp-json\/wp\/v2\/media?parent=11677"}],"wp:term":[{"taxonomy":"product_cat","embeddable":true,"href":"https:\/\/test.sunday.ma\/index.php\/wp-json\/wp\/v2\/product_cat?post=11677"},{"taxonomy":"product_tag","embeddable":true,"href":"https:\/\/test.sunday.ma\/index.php\/wp-json\/wp\/v2\/product_tag?post=11677"}],"curies":[{"name":"wp","href":"https:\/\/api.w.org\/{rel}","templated":true}]}}