{"id":11616,"date":"2023-10-28T00:24:42","date_gmt":"2023-10-28T00:24:42","guid":{"rendered":"https:\/\/test.sunday.ma\/?post_type=product&#038;p=11616"},"modified":"2023-12-11T09:51:35","modified_gmt":"2023-12-11T09:51:35","slug":"plante-verte-dans-pot-en-ciment","status":"publish","type":"product","link":"https:\/\/test.sunday.ma\/index.php\/product\/plante-verte-dans-pot-en-ciment\/","title":{"rendered":"Plante Verte dans Pot en Ciment"},"content":{"rendered":"<p>Plongez votre int\u00e9rieur dans une ambiance v\u00e9g\u00e9tale apaisante avec notre magnifique plante verte pr\u00e9sent\u00e9e dans son \u00e9l\u00e9gant pot en ciment. cette plante d&#8217;int\u00e9rieur ajoute une touche de verdure naturelle \u00e0 tout espace, qu&#8217;il s&#8217;agisse d&#8217;une \u00e9tag\u00e8re \u00e9troite, d&#8217;un bureau encombr\u00e9 ou d&#8217;une table basse chic.<\/p>\n<p>Con\u00e7ue pour imiter la fra\u00eecheur et la beaut\u00e9 d&#8217;une plante vivante, cette plante artificielle est l&#8217;ajout parfait \u00e0 votre d\u00e9cor, offrant une solution pratique pour ceux qui recherchent la s\u00e9r\u00e9nit\u00e9 de la nature sans les tracas d&#8217;entretien associ\u00e9s aux plantes vivantes.<\/p>\n<p>Ajoutez une touche de sophistication et de nature \u00e0 votre espace de vie en commandant d\u00e8s aujourd&#8217;hui notre plante verte dans son pot en ciment, et profitez d&#8217;un int\u00e9rieur vivant et harmonieux sans effort suppl\u00e9mentaire.<\/p>\n<p>Dimension du produit: L. 14 x P. 13,5 x H. 20 cm<\/p>\n<p>Poids : 0.67 kg<\/p>\n<p>Mati\u00e8re : Polyester, pierre et pot en ciment<\/p>\n","protected":false},"excerpt":{"rendered":"<p>D\u00e9couvrez notre magnifique plante verte dans son pot en ciment. Ajoutez une touche de verdure \u00e0 votre int\u00e9rieur avec cette plante d&#8217;int\u00e9rieur facile \u00e0 entretenir, parfaite pour les petits espaces.<\/p>\n","protected":false},"featured_media":11617,"comment_status":"closed","ping_status":"closed","template":"","meta":[],"product_cat":[112],"product_tag":[],"_links":{"self":[{"href":"https:\/\/test.sunday.ma\/index.php\/wp-json\/wp\/v2\/product\/11616"}],"collection":[{"href":"https:\/\/test.sunday.ma\/index.php\/wp-json\/wp\/v2\/product"}],"about":[{"href":"https:\/\/test.sunday.ma\/index.php\/wp-json\/wp\/v2\/types\/product"}],"replies":[{"embeddable":true,"href":"https:\/\/test.sunday.ma\/index.php\/wp-json\/wp\/v2\/comments?post=11616"}],"wp:featuredmedia":[{"embeddable":true,"href":"https:\/\/test.sunday.ma\/index.php\/wp-json\/wp\/v2\/media\/11617"}],"wp:attachment":[{"href":"https:\/\/test.sunday.ma\/index.php\/wp-json\/wp\/v2\/media?parent=11616"}],"wp:term":[{"taxonomy":"product_cat","embeddable":true,"href":"https:\/\/test.sunday.ma\/index.php\/wp-json\/wp\/v2\/product_cat?post=11616"},{"taxonomy":"product_tag","embeddable":true,"href":"https:\/\/test.sunday.ma\/index.php\/wp-json\/wp\/v2\/product_tag?post=11616"}],"curies":[{"name":"wp","href":"https:\/\/api.w.org\/{rel}","templated":true}]}}