{"id":11602,"date":"2023-10-27T18:20:00","date_gmt":"2023-10-27T18:20:00","guid":{"rendered":"https:\/\/test.sunday.ma\/?post_type=product&#038;p=11602"},"modified":"2023-12-11T09:51:35","modified_gmt":"2023-12-11T09:51:35","slug":"ensemble-de-3-bougeoirs-en-metal-dore-avec-bougies-a-led-sans-fumee","status":"publish","type":"product","link":"https:\/\/test.sunday.ma\/index.php\/product\/ensemble-de-3-bougeoirs-en-metal-dore-avec-bougies-a-led-sans-fumee\/","title":{"rendered":"Ensemble de 3 Bougeoirs en m\u00e9tal dor\u00e9 avec Bougies \u00e0 LED sans Fum\u00e9e et Minuteur Int\u00e9gr\u00e9"},"content":{"rendered":"<p>Cr\u00e9ez une atmosph\u00e8re magique avec cet ensemble de 3 bougeoirs en ajoutant une touche d&#8217;\u00e9l\u00e9gance \u00e0 votre int\u00e9rieur. Chaque bougeoir est soigneusement con\u00e7u pour une finition raffin\u00e9e. Les bougies \u00e0 LED sans fum\u00e9e, qui imitent \u00e0 la perfection la lueur des bougies traditionnelles, sont parfaites pour une utilisation sans souci. Le minuteur int\u00e9gr\u00e9 allume automatiquement les bougies \u00e0 la m\u00eame heure chaque jour et les \u00e9teint au bout de 6 heures, offrant une utilisation pratique et s\u00e9curis\u00e9e. Profitez de l&#8217;effet de lumi\u00e8re chaude et vivante de ces bougies, similaire \u00e0 celui d&#8217;une vraie bougie. Les piles sont incluses pour une utilisation imm\u00e9diate.<\/p>\n<p><strong>Caract\u00e9ristiques<\/strong> :<\/p>\n<ul>\n<li class=\"pip-product-dimensions__measurement-wrapper\"><span class=\"pip-product-dimensions__measurement-name\">Diam\u00e8tre Bougies: <\/span>2.2 cm<\/li>\n<li class=\"pip-product-dimensions__measurement-wrapper\">Hauteur bougies: 28 cm<\/li>\n<li class=\"pip-product-dimensions__measurement-wrapper\">Couleur de la lumi\u00e8re : blanc chaud (2700 Kelvin).<\/li>\n<li class=\"pip-product-dimensions__measurement-wrapper\">Piles non incluses : 6 piles AAA<\/li>\n<\/ul>\n","protected":false},"excerpt":{"rendered":"<p>Ajoutez une lueur chaleureuse \u00e0 votre espace avec cet ensemble de 3 bougeoirs \u00e9l\u00e9gants. Les bougies \u00e0 LED sans fum\u00e9e, piles incluses, offrent une ambiance apaisante, avec un minuteur int\u00e9gr\u00e9 qui les allume automatiquement \u00e0 la m\u00eame heure chaque jour et les \u00e9teint au bout de 6 heures. Ces bougies LED diffusent une lumi\u00e8re chaude et vivante semblable \u00e0 celle des vraies bougies et peuvent \u00e9galement s&#8217;utiliser partout comme \u00e9clairage d\u00e9coratif sans risque d&#8217;incendie.<\/p>\n","protected":false},"featured_media":11603,"comment_status":"closed","ping_status":"closed","template":"","meta":[],"product_cat":[83,111],"product_tag":[],"_links":{"self":[{"href":"https:\/\/test.sunday.ma\/index.php\/wp-json\/wp\/v2\/product\/11602"}],"collection":[{"href":"https:\/\/test.sunday.ma\/index.php\/wp-json\/wp\/v2\/product"}],"about":[{"href":"https:\/\/test.sunday.ma\/index.php\/wp-json\/wp\/v2\/types\/product"}],"replies":[{"embeddable":true,"href":"https:\/\/test.sunday.ma\/index.php\/wp-json\/wp\/v2\/comments?post=11602"}],"wp:featuredmedia":[{"embeddable":true,"href":"https:\/\/test.sunday.ma\/index.php\/wp-json\/wp\/v2\/media\/11603"}],"wp:attachment":[{"href":"https:\/\/test.sunday.ma\/index.php\/wp-json\/wp\/v2\/media?parent=11602"}],"wp:term":[{"taxonomy":"product_cat","embeddable":true,"href":"https:\/\/test.sunday.ma\/index.php\/wp-json\/wp\/v2\/product_cat?post=11602"},{"taxonomy":"product_tag","embeddable":true,"href":"https:\/\/test.sunday.ma\/index.php\/wp-json\/wp\/v2\/product_tag?post=11602"}],"curies":[{"name":"wp","href":"https:\/\/api.w.org\/{rel}","templated":true}]}}