{"id":11522,"date":"2023-10-24T14:24:33","date_gmt":"2023-10-24T14:24:33","guid":{"rendered":"https:\/\/test.sunday.ma\/?post_type=product&#038;p=11522"},"modified":"2023-12-11T09:51:33","modified_gmt":"2023-12-11T09:51:33","slug":"lot-de-15-pots-a-epices-93-cm-x-95-cm-stickers-ashesifs","status":"publish","type":"product","link":"https:\/\/test.sunday.ma\/index.php\/product\/lot-de-15-pots-a-epices-93-cm-x-95-cm-stickers-ashesifs\/","title":{"rendered":"lot de 15 pots \u00e0 \u00e9pices + stickers ash\u00e9sifs"},"content":{"rendered":"<p>&nbsp;<\/p>\n<p>Notre lot de 15 bocaux avec couvercle est un ensemble pratique pour ranger une vari\u00e9t\u00e9 d&#8217;aliments secs dans votre cuisine. Les bocaux sont en verre transparent, ce qui permet de voir facilement le contenu, tandis que les couvercles herm\u00e9tiques en m\u00e9tal maintiennent les aliments frais et emp\u00eachent les insectes et l&#8217;humidit\u00e9 de p\u00e9n\u00e9trer.<\/p>\n<p>&nbsp;<\/p>\n<p>Ces bocaux polyvalents sont parfaits pour stocker des \u00e9pices, des condiments, des noix, des c\u00e9r\u00e9ales, des bonbons, des p\u00e2tes et bien plus encore. Ils sont \u00e9galement faciles \u00e0 nettoyer et \u00e0 entretenir, et peuvent \u00eatre utilis\u00e9s \u00e0 plusieurs reprises.<\/p>\n<p>Le lot de 15\u00a0 bocaux est une solution de rangement pratique et \u00e9l\u00e9gante pour votre cuisine. Ils peuvent \u00eatre dispos\u00e9s sur une \u00e9tag\u00e8re ou un comptoir pour un acc\u00e8s facile et une organisation optimale. Offrez-vous cet ensemble pratique d\u00e8s aujourd&#8217;hui pour une cuisine organis\u00e9e et fonctionnelle !<\/p>\n","protected":false},"excerpt":{"rendered":"<div class=\"woocommerce-product-rating\">\n<div class=\"review-link noreview\">Gardez vos aliments frais et organis\u00e9s avec notre lot de 15 bocaux avec couvercle ! Parfaits pour le stockage des aliments secs, des \u00e9pices, des condiments et bien plus encore<\/div>\n<\/div>\n","protected":false},"featured_media":11519,"comment_status":"open","ping_status":"closed","template":"","meta":[],"product_cat":[110,89,81,100],"product_tag":[],"_links":{"self":[{"href":"https:\/\/test.sunday.ma\/index.php\/wp-json\/wp\/v2\/product\/11522"}],"collection":[{"href":"https:\/\/test.sunday.ma\/index.php\/wp-json\/wp\/v2\/product"}],"about":[{"href":"https:\/\/test.sunday.ma\/index.php\/wp-json\/wp\/v2\/types\/product"}],"replies":[{"embeddable":true,"href":"https:\/\/test.sunday.ma\/index.php\/wp-json\/wp\/v2\/comments?post=11522"}],"wp:featuredmedia":[{"embeddable":true,"href":"https:\/\/test.sunday.ma\/index.php\/wp-json\/wp\/v2\/media\/11519"}],"wp:attachment":[{"href":"https:\/\/test.sunday.ma\/index.php\/wp-json\/wp\/v2\/media?parent=11522"}],"wp:term":[{"taxonomy":"product_cat","embeddable":true,"href":"https:\/\/test.sunday.ma\/index.php\/wp-json\/wp\/v2\/product_cat?post=11522"},{"taxonomy":"product_tag","embeddable":true,"href":"https:\/\/test.sunday.ma\/index.php\/wp-json\/wp\/v2\/product_tag?post=11522"}],"curies":[{"name":"wp","href":"https:\/\/api.w.org\/{rel}","templated":true}]}}