{"id":11484,"date":"2023-10-23T10:13:51","date_gmt":"2023-10-23T10:13:51","guid":{"rendered":"https:\/\/test.sunday.ma\/?post_type=product&#038;p=11484"},"modified":"2023-12-11T09:51:33","modified_gmt":"2023-12-11T09:51:33","slug":"bouteilles-en-verre-transparent-avec-bouchons-en-liege-elegantes-pour-le-stockage-de-boissons-et-les-objets-decoratifs","status":"publish","type":"product","link":"https:\/\/test.sunday.ma\/index.php\/product\/bouteilles-en-verre-transparent-avec-bouchons-en-liege-elegantes-pour-le-stockage-de-boissons-et-les-objets-decoratifs\/","title":{"rendered":"Bouteilles en Verre Transparent avec Bouchons en Li\u00e8ge | \u00c9l\u00e9gantes pour le Stockage de Boissons et les Objets D\u00e9coratifs"},"content":{"rendered":"<p>Ornez votre cuisine ou votre salle \u00e0 manger avec ces charmantes bouteilles en verre transparent, chacune con\u00e7ue avec soin pour allier fonctionnalit\u00e9 et style. Fabriqu\u00e9es \u00e0 partir de verre de haute qualit\u00e9 et durable, ces bouteilles sont id\u00e9ales pour stocker vos boissons pr\u00e9f\u00e9r\u00e9es tout en ajoutant une touche \u00e9l\u00e9gante \u00e0 votre espace. Les bouchons en li\u00e8ge assurent non seulement une fermeture s\u00e9curis\u00e9e, mais ajoutent \u00e9galement une esth\u00e9tique \u00e0 la fois rustique et sophistiqu\u00e9e.<\/p>\n<p>Que vous serviez des jus fra\u00eechement press\u00e9s, de l&#8217;eau infus\u00e9e ou d&#8217;autres boissons, ces bouteilles polyvalentes sont le choix id\u00e9al. Leur design transparent vous permet de mettre en valeur les couleurs vives de vos boissons, ajoutant ainsi un attrait accueillant \u00e0 votre cuisine ou \u00e0 votre salle \u00e0 manger.<\/p>\n<p>Non seulement fonctionnelles, ces bouteilles servent \u00e9galement d&#8217;objets d\u00e9coratifs, rehaussant sans effort tout environnement. La construction en verre transparent permet de surveiller facilement les niveaux de contenu, garantissant que vous \u00eates toujours pr\u00eat pour votre prochaine r\u00e9union ou une boisson rafra\u00eechissante. Adoptez la fusion de la praticit\u00e9 et de l&#8217;\u00e9l\u00e9gance avec nos bouteilles en verre transparent avec bouchons en li\u00e8ge, con\u00e7ues pour enrichir vos exp\u00e9riences quotidiennes.<\/p>\n","protected":false},"excerpt":{"rendered":"<p>Rehaussez votre d\u00e9cor de cuisine avec nos superbes bouteilles en verre transparent dot\u00e9es de pratiques bouchons en li\u00e8ge. Parfaites pour conserver une vari\u00e9t\u00e9 de boissons, y compris les jus, l&#8217;eau et bien plus encore.<\/p>\n","protected":false},"featured_media":11485,"comment_status":"closed","ping_status":"closed","template":"","meta":[],"product_cat":[109],"product_tag":[],"_links":{"self":[{"href":"https:\/\/test.sunday.ma\/index.php\/wp-json\/wp\/v2\/product\/11484"}],"collection":[{"href":"https:\/\/test.sunday.ma\/index.php\/wp-json\/wp\/v2\/product"}],"about":[{"href":"https:\/\/test.sunday.ma\/index.php\/wp-json\/wp\/v2\/types\/product"}],"replies":[{"embeddable":true,"href":"https:\/\/test.sunday.ma\/index.php\/wp-json\/wp\/v2\/comments?post=11484"}],"wp:featuredmedia":[{"embeddable":true,"href":"https:\/\/test.sunday.ma\/index.php\/wp-json\/wp\/v2\/media\/11485"}],"wp:attachment":[{"href":"https:\/\/test.sunday.ma\/index.php\/wp-json\/wp\/v2\/media?parent=11484"}],"wp:term":[{"taxonomy":"product_cat","embeddable":true,"href":"https:\/\/test.sunday.ma\/index.php\/wp-json\/wp\/v2\/product_cat?post=11484"},{"taxonomy":"product_tag","embeddable":true,"href":"https:\/\/test.sunday.ma\/index.php\/wp-json\/wp\/v2\/product_tag?post=11484"}],"curies":[{"name":"wp","href":"https:\/\/api.w.org\/{rel}","templated":true}]}}