{"id":11148,"date":"2023-10-13T10:19:48","date_gmt":"2023-10-13T10:19:48","guid":{"rendered":"https:\/\/test.sunday.ma\/?post_type=product&#038;p=11148"},"modified":"2023-12-11T09:51:26","modified_gmt":"2023-12-11T09:51:26","slug":"elegant-huilier-en-verre-de-borosilicate-capacite-700-ml-pour-une-cuisine-raffinee","status":"publish","type":"product","link":"https:\/\/test.sunday.ma\/index.php\/product\/elegant-huilier-en-verre-de-borosilicate-capacite-700-ml-pour-une-cuisine-raffinee\/","title":{"rendered":"\u00c9l\u00e9gant Huilier en Verre de Borosilicate &#8211; Capacit\u00e9 700 ml pour une Cuisine Raffin\u00e9e"},"content":{"rendered":"","protected":false},"excerpt":{"rendered":"","protected":false},"featured_media":11149,"comment_status":"closed","ping_status":"closed","template":"","meta":[],"product_cat":[129],"product_tag":[],"_links":{"self":[{"href":"https:\/\/test.sunday.ma\/index.php\/wp-json\/wp\/v2\/product\/11148"}],"collection":[{"href":"https:\/\/test.sunday.ma\/index.php\/wp-json\/wp\/v2\/product"}],"about":[{"href":"https:\/\/test.sunday.ma\/index.php\/wp-json\/wp\/v2\/types\/product"}],"replies":[{"embeddable":true,"href":"https:\/\/test.sunday.ma\/index.php\/wp-json\/wp\/v2\/comments?post=11148"}],"wp:featuredmedia":[{"embeddable":true,"href":"https:\/\/test.sunday.ma\/index.php\/wp-json\/wp\/v2\/media\/11149"}],"wp:attachment":[{"href":"https:\/\/test.sunday.ma\/index.php\/wp-json\/wp\/v2\/media?parent=11148"}],"wp:term":[{"taxonomy":"product_cat","embeddable":true,"href":"https:\/\/test.sunday.ma\/index.php\/wp-json\/wp\/v2\/product_cat?post=11148"},{"taxonomy":"product_tag","embeddable":true,"href":"https:\/\/test.sunday.ma\/index.php\/wp-json\/wp\/v2\/product_tag?post=11148"}],"curies":[{"name":"wp","href":"https:\/\/api.w.org\/{rel}","templated":true}]}}