{"id":11146,"date":"2023-10-13T10:19:17","date_gmt":"2023-10-13T10:19:17","guid":{"rendered":"https:\/\/test.sunday.ma\/?post_type=product&#038;p=11146"},"modified":"2023-12-11T09:51:25","modified_gmt":"2023-12-11T09:51:25","slug":"elegant-huilier-en-verre-de-borosilicate-capacite-500-ml-pour-une-cuisine-raffinee","status":"publish","type":"product","link":"https:\/\/test.sunday.ma\/index.php\/product\/elegant-huilier-en-verre-de-borosilicate-capacite-500-ml-pour-une-cuisine-raffinee\/","title":{"rendered":"\u00c9l\u00e9gant Huilier en Verre de Borosilicate &#8211; Capacit\u00e9 500 ml pour une Cuisine Raffin\u00e9e"},"content":{"rendered":"","protected":false},"excerpt":{"rendered":"","protected":false},"featured_media":11147,"comment_status":"closed","ping_status":"closed","template":"","meta":[],"product_cat":[129],"product_tag":[],"_links":{"self":[{"href":"https:\/\/test.sunday.ma\/index.php\/wp-json\/wp\/v2\/product\/11146"}],"collection":[{"href":"https:\/\/test.sunday.ma\/index.php\/wp-json\/wp\/v2\/product"}],"about":[{"href":"https:\/\/test.sunday.ma\/index.php\/wp-json\/wp\/v2\/types\/product"}],"replies":[{"embeddable":true,"href":"https:\/\/test.sunday.ma\/index.php\/wp-json\/wp\/v2\/comments?post=11146"}],"wp:featuredmedia":[{"embeddable":true,"href":"https:\/\/test.sunday.ma\/index.php\/wp-json\/wp\/v2\/media\/11147"}],"wp:attachment":[{"href":"https:\/\/test.sunday.ma\/index.php\/wp-json\/wp\/v2\/media?parent=11146"}],"wp:term":[{"taxonomy":"product_cat","embeddable":true,"href":"https:\/\/test.sunday.ma\/index.php\/wp-json\/wp\/v2\/product_cat?post=11146"},{"taxonomy":"product_tag","embeddable":true,"href":"https:\/\/test.sunday.ma\/index.php\/wp-json\/wp\/v2\/product_tag?post=11146"}],"curies":[{"name":"wp","href":"https:\/\/api.w.org\/{rel}","templated":true}]}}