{"id":10760,"date":"2023-09-30T11:09:55","date_gmt":"2023-09-30T11:09:55","guid":{"rendered":"https:\/\/test.sunday.ma\/?post_type=product&#038;p=10760"},"modified":"2023-12-11T09:51:16","modified_gmt":"2023-12-11T09:51:16","slug":"tasse-avec-couvercle-et-paille-verres-reutilisables-pour-cafe-glace-jus-soda-boissons-vert","status":"publish","type":"product","link":"https:\/\/test.sunday.ma\/index.php\/product\/tasse-avec-couvercle-et-paille-verres-reutilisables-pour-cafe-glace-jus-soda-boissons-vert\/","title":{"rendered":"tasse Avec couvercle et paille &#8211; Verres r\u00e9utilisables pour caf\u00e9 glac\u00e9, jus, soda, boissons vert"},"content":{"rendered":"","protected":false},"excerpt":{"rendered":"","protected":false},"featured_media":10761,"comment_status":"closed","ping_status":"closed","template":"","meta":[],"product_cat":[122,103],"product_tag":[],"_links":{"self":[{"href":"https:\/\/test.sunday.ma\/index.php\/wp-json\/wp\/v2\/product\/10760"}],"collection":[{"href":"https:\/\/test.sunday.ma\/index.php\/wp-json\/wp\/v2\/product"}],"about":[{"href":"https:\/\/test.sunday.ma\/index.php\/wp-json\/wp\/v2\/types\/product"}],"replies":[{"embeddable":true,"href":"https:\/\/test.sunday.ma\/index.php\/wp-json\/wp\/v2\/comments?post=10760"}],"wp:featuredmedia":[{"embeddable":true,"href":"https:\/\/test.sunday.ma\/index.php\/wp-json\/wp\/v2\/media\/10761"}],"wp:attachment":[{"href":"https:\/\/test.sunday.ma\/index.php\/wp-json\/wp\/v2\/media?parent=10760"}],"wp:term":[{"taxonomy":"product_cat","embeddable":true,"href":"https:\/\/test.sunday.ma\/index.php\/wp-json\/wp\/v2\/product_cat?post=10760"},{"taxonomy":"product_tag","embeddable":true,"href":"https:\/\/test.sunday.ma\/index.php\/wp-json\/wp\/v2\/product_tag?post=10760"}],"curies":[{"name":"wp","href":"https:\/\/api.w.org\/{rel}","templated":true}]}}