{"id":10466,"date":"2023-09-20T10:47:18","date_gmt":"2023-09-20T10:47:18","guid":{"rendered":"https:\/\/test.sunday.ma\/?post_type=product&#038;p=10466"},"modified":"2023-12-11T09:51:12","modified_gmt":"2023-12-11T09:51:12","slug":"4-tasses-double-paroi-20-ml-verre-cafe-expresso-standard-poignee-de-degre-de-chaleur-tasse-pour-latte-cappuccino-eau-cadeau-2","status":"publish","type":"product","link":"https:\/\/test.sunday.ma\/index.php\/product\/4-tasses-double-paroi-20-ml-verre-cafe-expresso-standard-poignee-de-degre-de-chaleur-tasse-pour-latte-cappuccino-eau-cadeau-2\/","title":{"rendered":"4 Tasses double paroi 20 ml verre, caf\u00e9, expresso standard, poign\u00e9e de degr\u00e9 de chaleur, tasse pour latte, cappuccino, eau, cadeau"},"content":{"rendered":"<p>2 tasses<\/p>\n","protected":false},"excerpt":{"rendered":"<blockquote><p>Tasse \u00e0 double paroi de 20 ml, con\u00e7ue pour garder vos boissons chaudes plus longtemps sans chauffer l&#8217;ext\u00e9rieur de la tasse. Son design \u00e9l\u00e9gant offre une prise en main confortable et une esth\u00e9tique moderne. Parfaite pour les expressos, th\u00e9, les liqueurs ou les d\u00e9gustations de caf\u00e9.<\/p><\/blockquote>\n","protected":false},"featured_media":10370,"comment_status":"open","ping_status":"closed","template":"","meta":[],"product_cat":[120],"product_tag":[],"_links":{"self":[{"href":"https:\/\/test.sunday.ma\/index.php\/wp-json\/wp\/v2\/product\/10466"}],"collection":[{"href":"https:\/\/test.sunday.ma\/index.php\/wp-json\/wp\/v2\/product"}],"about":[{"href":"https:\/\/test.sunday.ma\/index.php\/wp-json\/wp\/v2\/types\/product"}],"replies":[{"embeddable":true,"href":"https:\/\/test.sunday.ma\/index.php\/wp-json\/wp\/v2\/comments?post=10466"}],"wp:featuredmedia":[{"embeddable":true,"href":"https:\/\/test.sunday.ma\/index.php\/wp-json\/wp\/v2\/media\/10370"}],"wp:attachment":[{"href":"https:\/\/test.sunday.ma\/index.php\/wp-json\/wp\/v2\/media?parent=10466"}],"wp:term":[{"taxonomy":"product_cat","embeddable":true,"href":"https:\/\/test.sunday.ma\/index.php\/wp-json\/wp\/v2\/product_cat?post=10466"},{"taxonomy":"product_tag","embeddable":true,"href":"https:\/\/test.sunday.ma\/index.php\/wp-json\/wp\/v2\/product_tag?post=10466"}],"curies":[{"name":"wp","href":"https:\/\/api.w.org\/{rel}","templated":true}]}}