{"id":10426,"date":"2023-09-18T15:17:38","date_gmt":"2023-09-18T15:17:38","guid":{"rendered":"https:\/\/test.sunday.ma\/?post_type=product&#038;p=10426"},"modified":"2023-12-11T09:51:11","modified_gmt":"2023-12-11T09:51:11","slug":"panier-a-fruits-en-metal-a-2-niveaux-support-a-gateaux-portable-rangement-de-cuisine-dore-noir","status":"publish","type":"product","link":"https:\/\/test.sunday.ma\/index.php\/product\/panier-a-fruits-en-metal-a-2-niveaux-support-a-gateaux-portable-rangement-de-cuisine-dore-noir\/","title":{"rendered":"Panier \u00e0 Fruits en m\u00e9tal \u00e0 2 niveaux, support \u00e0 g\u00e2teaux, Portable, rangement de cuisine noir"},"content":{"rendered":"<ul>\n<li>Fabriqu\u00e9 en fer robuste qui a la bonne qualit\u00e9 de l&#8217;antirouille.<\/li>\n<li>Le panier \u00e0 double couche offre beaucoup de rangement, gain de place.<\/li>\n<li>Forte capacit\u00e9 portante, solide et pas facile \u00e0 secouer.<\/li>\n<li>La solution parfaite pour toutes les tailles d&#8217;articles, id\u00e9al pour stocker des fruits, des l\u00e9gumes, des p\u00e2tes, des bouteilles, des canettes, des canettes, des biscuits et de nombreux autres aliments de cuisine.<\/li>\n<li>Peut \u00eatre appliqu\u00e9 pour la cuisine domestique, le restaurant, la salle \u00e0 manger et d&#8217;autres endroits.<\/li>\n<li>Excellent choix pour la famille et les amis pour les banquets de pendaison de cr\u00e9maill\u00e8re, les f\u00eates .Sp\u00e9cification:<br \/>\nMat\u00e9riel: Fer<br \/>\nTaille: 10.7&#215;6.8x12in<\/li>\n<\/ul>\n","protected":false},"excerpt":{"rendered":"<p>&#8220;\ud83c\udf47\ud83c\udf4a\ud83c\udf4e Vous voulez ajouter une touche d&#8217;\u00e9l\u00e9gance et de fra\u00eecheur \u00e0 votre table ? D\u00e9couvrez nos magnifiques corbeilles de fruits \u00e0 deux niveaux, pr\u00eates \u00e0 \u00e9gayer n&#8217;importe quelle occasion ! \ud83c\udf1f Id\u00e9ales pour les cadeaux ou pour vous faire plaisir. Contactez-nous en DM pour commander la v\u00f4tre ! \ud83d\udce9\ud83d\uded2 #CorbeillesDeFruits #\u00c9l\u00e9gance\u00c0Table #FaitesVousPlaisir<\/p>\n","protected":false},"featured_media":10427,"comment_status":"closed","ping_status":"closed","template":"","meta":[],"product_cat":[114,116,105],"product_tag":[],"_links":{"self":[{"href":"https:\/\/test.sunday.ma\/index.php\/wp-json\/wp\/v2\/product\/10426"}],"collection":[{"href":"https:\/\/test.sunday.ma\/index.php\/wp-json\/wp\/v2\/product"}],"about":[{"href":"https:\/\/test.sunday.ma\/index.php\/wp-json\/wp\/v2\/types\/product"}],"replies":[{"embeddable":true,"href":"https:\/\/test.sunday.ma\/index.php\/wp-json\/wp\/v2\/comments?post=10426"}],"wp:featuredmedia":[{"embeddable":true,"href":"https:\/\/test.sunday.ma\/index.php\/wp-json\/wp\/v2\/media\/10427"}],"wp:attachment":[{"href":"https:\/\/test.sunday.ma\/index.php\/wp-json\/wp\/v2\/media?parent=10426"}],"wp:term":[{"taxonomy":"product_cat","embeddable":true,"href":"https:\/\/test.sunday.ma\/index.php\/wp-json\/wp\/v2\/product_cat?post=10426"},{"taxonomy":"product_tag","embeddable":true,"href":"https:\/\/test.sunday.ma\/index.php\/wp-json\/wp\/v2\/product_tag?post=10426"}],"curies":[{"name":"wp","href":"https:\/\/api.w.org\/{rel}","templated":true}]}}