{"id":10397,"date":"2023-09-17T22:29:36","date_gmt":"2023-09-17T22:29:36","guid":{"rendered":"https:\/\/test.sunday.ma\/?post_type=product&#038;p=10397"},"modified":"2023-12-11T09:51:11","modified_gmt":"2023-12-11T09:51:11","slug":"mousseur-a-lait-rose","status":"publish","type":"product","link":"https:\/\/test.sunday.ma\/index.php\/product\/mousseur-a-lait-rose\/","title":{"rendered":"Mousseur \u00e0 lait rose"},"content":{"rendered":"","protected":false},"excerpt":{"rendered":"<p>Apportez une petite touche en plus \u00e0 votre caf\u00e9 du matin gr\u00e2ce \u00e0 du lait en mousse. ce produit vous aide \u00e0 mousser le lait comme un pro.<\/p>\n","protected":false},"featured_media":10398,"comment_status":"open","ping_status":"closed","template":"","meta":[],"product_cat":[123,117],"product_tag":[],"_links":{"self":[{"href":"https:\/\/test.sunday.ma\/index.php\/wp-json\/wp\/v2\/product\/10397"}],"collection":[{"href":"https:\/\/test.sunday.ma\/index.php\/wp-json\/wp\/v2\/product"}],"about":[{"href":"https:\/\/test.sunday.ma\/index.php\/wp-json\/wp\/v2\/types\/product"}],"replies":[{"embeddable":true,"href":"https:\/\/test.sunday.ma\/index.php\/wp-json\/wp\/v2\/comments?post=10397"}],"wp:featuredmedia":[{"embeddable":true,"href":"https:\/\/test.sunday.ma\/index.php\/wp-json\/wp\/v2\/media\/10398"}],"wp:attachment":[{"href":"https:\/\/test.sunday.ma\/index.php\/wp-json\/wp\/v2\/media?parent=10397"}],"wp:term":[{"taxonomy":"product_cat","embeddable":true,"href":"https:\/\/test.sunday.ma\/index.php\/wp-json\/wp\/v2\/product_cat?post=10397"},{"taxonomy":"product_tag","embeddable":true,"href":"https:\/\/test.sunday.ma\/index.php\/wp-json\/wp\/v2\/product_tag?post=10397"}],"curies":[{"name":"wp","href":"https:\/\/api.w.org\/{rel}","templated":true}]}}