{"id":10364,"date":"2023-09-17T10:44:27","date_gmt":"2023-09-17T10:44:27","guid":{"rendered":"https:\/\/test.sunday.ma\/?post_type=product&#038;p=10364"},"modified":"2023-12-11T09:51:10","modified_gmt":"2023-12-11T09:51:10","slug":"bouteille-dhuile-transparente-50ml","status":"publish","type":"product","link":"https:\/\/test.sunday.ma\/index.php\/product\/bouteille-dhuile-transparente-50ml\/","title":{"rendered":"bouteille d&#8217;huile transparente 50ml"},"content":{"rendered":"<p>Mati\u00e8re; Verre<\/p>\n<p>contenance: 50ml<\/p>\n","protected":false},"excerpt":{"rendered":"<p>Bouteille en plastique transparent de 50 ml, id\u00e9ale pour stocker et doser votre huile pr\u00e9f\u00e9r\u00e9e. Son design \u00e9pur\u00e9 permet de voir facilement le niveau d&#8217;huile restant, tandis que son bouchon s\u00e9curis\u00e9 assure une conservation optimale. Parfaite pour la cuisine ou les produits de soin.<\/p>\n","protected":false},"featured_media":10365,"comment_status":"open","ping_status":"closed","template":"","meta":[],"product_cat":[89,81],"product_tag":[],"_links":{"self":[{"href":"https:\/\/test.sunday.ma\/index.php\/wp-json\/wp\/v2\/product\/10364"}],"collection":[{"href":"https:\/\/test.sunday.ma\/index.php\/wp-json\/wp\/v2\/product"}],"about":[{"href":"https:\/\/test.sunday.ma\/index.php\/wp-json\/wp\/v2\/types\/product"}],"replies":[{"embeddable":true,"href":"https:\/\/test.sunday.ma\/index.php\/wp-json\/wp\/v2\/comments?post=10364"}],"wp:featuredmedia":[{"embeddable":true,"href":"https:\/\/test.sunday.ma\/index.php\/wp-json\/wp\/v2\/media\/10365"}],"wp:attachment":[{"href":"https:\/\/test.sunday.ma\/index.php\/wp-json\/wp\/v2\/media?parent=10364"}],"wp:term":[{"taxonomy":"product_cat","embeddable":true,"href":"https:\/\/test.sunday.ma\/index.php\/wp-json\/wp\/v2\/product_cat?post=10364"},{"taxonomy":"product_tag","embeddable":true,"href":"https:\/\/test.sunday.ma\/index.php\/wp-json\/wp\/v2\/product_tag?post=10364"}],"curies":[{"name":"wp","href":"https:\/\/api.w.org\/{rel}","templated":true}]}}