{"id":10299,"date":"2023-09-14T14:36:48","date_gmt":"2023-09-14T14:36:48","guid":{"rendered":"https:\/\/test.sunday.ma\/?post_type=product&#038;p=10299"},"modified":"2023-12-11T09:51:10","modified_gmt":"2023-12-11T09:51:10","slug":"lot-de-2-verre-arc-en-ciel-avec-paille","status":"publish","type":"product","link":"https:\/\/test.sunday.ma\/index.php\/product\/lot-de-2-verre-arc-en-ciel-avec-paille\/","title":{"rendered":"lot de 2 verre arc-en-ciel avec paille 400 ml"},"content":{"rendered":"<p><img fetchpriority=\"high\" decoding=\"async\" class=\"alignnone size-medium wp-image-10308\" src=\"https:\/\/sunday.ma\/wp-content\/uploads\/2023\/09\/a-straw-to-300x255.jpeg\" alt=\"\" width=\"300\" height=\"255\" \/><img decoding=\"async\" class=\"alignnone size-medium wp-image-10309\" src=\"https:\/\/sunday.ma\/wp-content\/uploads\/2023\/09\/a-straw-2-293x300.jpeg\" alt=\"\" width=\"293\" height=\"300\" \/><img decoding=\"async\" class=\"alignnone size-medium wp-image-10310\" src=\"https:\/\/sunday.ma\/wp-content\/uploads\/2023\/09\/a-straw-3-280x300.jpeg\" alt=\"\" width=\"280\" height=\"300\" \/><\/p>\n","protected":false},"excerpt":{"rendered":"<p><span class=\"_8rs5 _9hvh\" data-ad-preview=\"ig-message\">Ajoutez une touche d&#8217;\u00e9l\u00e9gance \u00e0 vos boissons pr\u00e9f\u00e9r\u00e9es, que ce soit \u00e0 la maison ou en d\u00e9placement. Commandez d\u00e8s maintenant et profitezde chaque gorg\u00e9e avec style !\u00a0<\/span><\/p>\n","protected":false},"featured_media":10300,"comment_status":"closed","ping_status":"closed","template":"","meta":[],"product_cat":[114,86,122],"product_tag":[],"_links":{"self":[{"href":"https:\/\/test.sunday.ma\/index.php\/wp-json\/wp\/v2\/product\/10299"}],"collection":[{"href":"https:\/\/test.sunday.ma\/index.php\/wp-json\/wp\/v2\/product"}],"about":[{"href":"https:\/\/test.sunday.ma\/index.php\/wp-json\/wp\/v2\/types\/product"}],"replies":[{"embeddable":true,"href":"https:\/\/test.sunday.ma\/index.php\/wp-json\/wp\/v2\/comments?post=10299"}],"wp:featuredmedia":[{"embeddable":true,"href":"https:\/\/test.sunday.ma\/index.php\/wp-json\/wp\/v2\/media\/10300"}],"wp:attachment":[{"href":"https:\/\/test.sunday.ma\/index.php\/wp-json\/wp\/v2\/media?parent=10299"}],"wp:term":[{"taxonomy":"product_cat","embeddable":true,"href":"https:\/\/test.sunday.ma\/index.php\/wp-json\/wp\/v2\/product_cat?post=10299"},{"taxonomy":"product_tag","embeddable":true,"href":"https:\/\/test.sunday.ma\/index.php\/wp-json\/wp\/v2\/product_tag?post=10299"}],"curies":[{"name":"wp","href":"https:\/\/api.w.org\/{rel}","templated":true}]}}