{"id":10241,"date":"2023-09-08T15:10:21","date_gmt":"2023-09-08T15:10:21","guid":{"rendered":"https:\/\/test.sunday.ma\/?post_type=product&#038;p=10241"},"modified":"2023-12-11T09:51:08","modified_gmt":"2023-12-11T09:51:08","slug":"panier-a-fruits-en-metal-a-2-niveaux-support-a-gateaux-portable-rangement-de-cuisine-dore","status":"publish","type":"product","link":"https:\/\/test.sunday.ma\/index.php\/product\/panier-a-fruits-en-metal-a-2-niveaux-support-a-gateaux-portable-rangement-de-cuisine-dore\/","title":{"rendered":"Panier \u00e0 Fruits en m\u00e9tal \u00e0 2 niveaux, support \u00e0 g\u00e2teaux, Portable, rangement de cuisine Dor\u00e9"},"content":{"rendered":"<p>&nbsp;<\/p>\n<ul>\n<li>La solution parfaite pour toutes les tailles d&#8217;articles, id\u00e9al pour stocker des fruits, des l\u00e9gumes, des p\u00e2tes, des bouteilles, des canettes, des canettes, des biscuits et de nombreux autres aliments de cuisine.<\/li>\n<li>Peut \u00eatre appliqu\u00e9 pour la cuisine domestique, le restaurant, la salle \u00e0 manger et d&#8217;autres endroits.<\/li>\n<li>Excellent choix pour la famille et les amis pour les banquets de pendaison de cr\u00e9maill\u00e8re, les f\u00eates .Sp\u00e9cification:<br \/>\nMat\u00e9riel: Fer<br \/>\nTaille: 10.7&#215;6.8x12in<\/li>\n<\/ul>\n","protected":false},"excerpt":{"rendered":"<p>&nbsp; La solution parfaite pour toutes les tailles d&#8217;articles, id\u00e9al pour stocker des fruits, des l\u00e9gumes, des p\u00e2tes, des bouteilles, des canettes, des canettes, des biscuits et de nombreux autres aliments de cuisine. Peut \u00eatre appliqu\u00e9 pour la cuisine domestique, le restaurant, la salle \u00e0 manger et d&#8217;autres endroits. Excellent choix pour la famille et [&hellip;]<\/p>\n","protected":false},"featured_media":10242,"comment_status":"closed","ping_status":"closed","template":"","meta":[],"product_cat":[105],"product_tag":[],"_links":{"self":[{"href":"https:\/\/test.sunday.ma\/index.php\/wp-json\/wp\/v2\/product\/10241"}],"collection":[{"href":"https:\/\/test.sunday.ma\/index.php\/wp-json\/wp\/v2\/product"}],"about":[{"href":"https:\/\/test.sunday.ma\/index.php\/wp-json\/wp\/v2\/types\/product"}],"replies":[{"embeddable":true,"href":"https:\/\/test.sunday.ma\/index.php\/wp-json\/wp\/v2\/comments?post=10241"}],"wp:featuredmedia":[{"embeddable":true,"href":"https:\/\/test.sunday.ma\/index.php\/wp-json\/wp\/v2\/media\/10242"}],"wp:attachment":[{"href":"https:\/\/test.sunday.ma\/index.php\/wp-json\/wp\/v2\/media?parent=10241"}],"wp:term":[{"taxonomy":"product_cat","embeddable":true,"href":"https:\/\/test.sunday.ma\/index.php\/wp-json\/wp\/v2\/product_cat?post=10241"},{"taxonomy":"product_tag","embeddable":true,"href":"https:\/\/test.sunday.ma\/index.php\/wp-json\/wp\/v2\/product_tag?post=10241"}],"curies":[{"name":"wp","href":"https:\/\/api.w.org\/{rel}","templated":true}]}}