{"id":10186,"date":"2023-09-06T23:57:10","date_gmt":"2023-09-06T23:57:10","guid":{"rendered":"https:\/\/test.sunday.ma\/?post_type=product&#038;p=10186"},"modified":"2023-12-11T09:51:07","modified_gmt":"2023-12-11T09:51:07","slug":"ensemble-de-couverts-creatifs-en-forme-doeuf-24-pieces","status":"publish","type":"product","link":"https:\/\/test.sunday.ma\/index.php\/product\/ensemble-de-couverts-creatifs-en-forme-doeuf-24-pieces\/","title":{"rendered":"Ensemble de couverts cr\u00e9atifs en forme d&#8217;\u0153uf 24 pi\u00e8ces"},"content":{"rendered":"<p><strong>FORME CHIC &#8211;<\/strong>\u00a0Son aspect plaqu\u00e9 argent\/dor\u00e9 ajoute une riche \u00e9l\u00e9gance et un style contemporain \u00e0 votre table \u00e0 manger. Le brillant service de couverts en forme d&#8217;\u0153uf est \u00e0 couper le souffle, aussi po\u00e9tique qu&#8217;incroyablement chic. Les lignes \u00e9pur\u00e9es et minimalistes du design sont reprises par une finition luxueuse dans un jeu subtil de lumi\u00e8re et de reflets.<\/p>\n<p><strong>ACIER INOXYDABLE DE QUALIT\u00c9 SUP\u00c9RIEURE &#8211;<\/strong>\u00a0Fabriqu\u00e9 en acier inoxydable de qualit\u00e9 alimentaire, cet ensemble de couverts est con\u00e7u selon un proc\u00e9d\u00e9 de polissage miroir qui le rend moins d\u00e9formable et plus durable, et lui conf\u00e8re une bonne r\u00e9sistance \u00e0 la corrosion et \u00e0 la rouille.<\/p>\n<p><strong>MULTIPLES USAGES &#8211;<\/strong>\u00a0Cet ensemble de couverts en forme d&#8217;\u0153uf est id\u00e9al pour la famille, les f\u00eates, les d\u00eeners aux chandelles, les banquets, Thanksgiving, les barbecues, les mariages et autres occasions formelles. Il est facile \u00e0 transporter et peut \u00eatre utilis\u00e9 pour les voyages en plein air.<\/p>\n<p><strong>FACILE \u00c0 NETTOYER &#8211;<\/strong>\u00a0Le support en grain de bois au milieu a des fonctions de drainage, de ventilation et de r\u00e9sistance \u00e0 la moisissure, ce qui garantit la propret\u00e9 de la vaisselle. Les couverts peuvent \u00eatre lav\u00e9s au lave-vaisselle.<\/p>\n","protected":false},"excerpt":{"rendered":"<p><strong>ENSEMBLE DE 24 PI\u00c8CES &#8211;<\/strong>\u00a0Ensemble de quatre couverts pour six personnes, 24 pi\u00e8ces de couverts finement travaill\u00e9es \u00e0 la main et dor\u00e9es \u00e0 l&#8217;or fin sont pr\u00e9sent\u00e9es \u00e0 l&#8217;int\u00e9rieur d&#8217;un \u0153uf en or, chacune \u00e9tant rang\u00e9e individuellement dans sa niche \u00e0 l&#8217;int\u00e9rieur du bois de noyer.<\/p>\n","protected":false},"featured_media":10187,"comment_status":"closed","ping_status":"closed","template":"","meta":[],"product_cat":[88],"product_tag":[],"_links":{"self":[{"href":"https:\/\/test.sunday.ma\/index.php\/wp-json\/wp\/v2\/product\/10186"}],"collection":[{"href":"https:\/\/test.sunday.ma\/index.php\/wp-json\/wp\/v2\/product"}],"about":[{"href":"https:\/\/test.sunday.ma\/index.php\/wp-json\/wp\/v2\/types\/product"}],"replies":[{"embeddable":true,"href":"https:\/\/test.sunday.ma\/index.php\/wp-json\/wp\/v2\/comments?post=10186"}],"wp:featuredmedia":[{"embeddable":true,"href":"https:\/\/test.sunday.ma\/index.php\/wp-json\/wp\/v2\/media\/10187"}],"wp:attachment":[{"href":"https:\/\/test.sunday.ma\/index.php\/wp-json\/wp\/v2\/media?parent=10186"}],"wp:term":[{"taxonomy":"product_cat","embeddable":true,"href":"https:\/\/test.sunday.ma\/index.php\/wp-json\/wp\/v2\/product_cat?post=10186"},{"taxonomy":"product_tag","embeddable":true,"href":"https:\/\/test.sunday.ma\/index.php\/wp-json\/wp\/v2\/product_tag?post=10186"}],"curies":[{"name":"wp","href":"https:\/\/api.w.org\/{rel}","templated":true}]}}