{"id":10123,"date":"2023-09-04T09:50:06","date_gmt":"2023-09-04T09:50:06","guid":{"rendered":"https:\/\/test.sunday.ma\/?post_type=product&#038;p=10123"},"modified":"2023-12-11T09:51:07","modified_gmt":"2023-12-11T09:51:07","slug":"tasse-a-cafe-the-en-verre-leger-raye-260ml","status":"publish","type":"product","link":"https:\/\/test.sunday.ma\/index.php\/product\/tasse-a-cafe-the-en-verre-leger-raye-260ml\/","title":{"rendered":"1 Tasse \u00e0 caf\u00e9 , th\u00e9 en verre l\u00e9ger ray\u00e9 260ml"},"content":{"rendered":"<ol>\n<li><img fetchpriority=\"high\" decoding=\"async\" class=\"alignnone size-medium wp-image-10167\" src=\"https:\/\/sunday.ma\/wp-content\/uploads\/2023\/09\/IMG_0790-300x300.jpeg\" alt=\"\" width=\"300\" height=\"300\" \/><img decoding=\"async\" class=\"alignnone size-medium wp-image-10169\" src=\"https:\/\/sunday.ma\/wp-content\/uploads\/2023\/09\/IMG_0792-300x300.jpeg\" alt=\"\" width=\"300\" height=\"300\" \/><img decoding=\"async\" class=\"alignnone size-medium wp-image-10171\" src=\"https:\/\/sunday.ma\/wp-content\/uploads\/2023\/09\/IMG_0794-300x300.jpeg\" alt=\"\" width=\"300\" height=\"300\" \/><img loading=\"lazy\" decoding=\"async\" class=\"alignnone size-medium wp-image-10170\" src=\"https:\/\/sunday.ma\/wp-content\/uploads\/2023\/09\/IMG_0791-1-300x300.jpeg\" alt=\"\" width=\"300\" height=\"300\" \/><\/li>\n<\/ol>\n","protected":false},"excerpt":{"rendered":"<ul class=\"a-unordered-list a-vertical a-spacing-none\">\n<li class=\"a-spacing-mini\"><span class=\"a-list-item\">[Polyvalent] Verre \u00e0 rayures est id\u00e9al pour les boissons quotidiennes telles que le caf\u00e9 latte, le cappuccino, l&#8217;expresso, le lait, le jus, le th\u00e9, les smoothies, les desserts, etc. ; il convient \u00e9galement \u00e0 diverses occasions telles que les f\u00eates, les anniversaires, les mariages, les pendaisons de cr\u00e9maill\u00e8re, etc.<\/span><\/li>\n<li class=\"a-spacing-mini\"><span class=\"a-list-item\">[Cadeau id\u00e9al] La tasse \u00e0 caf\u00e9 textur\u00e9e et ray\u00e9e au design simple et l\u00e9ger est facile \u00e0 transporter, ce qui en fait un cadeau id\u00e9al pour la famille, les amis et les coll\u00e8gues.<\/span><\/li>\n<\/ul>\n","protected":false},"featured_media":10124,"comment_status":"closed","ping_status":"closed","template":"","meta":[],"product_cat":[123],"product_tag":[],"_links":{"self":[{"href":"https:\/\/test.sunday.ma\/index.php\/wp-json\/wp\/v2\/product\/10123"}],"collection":[{"href":"https:\/\/test.sunday.ma\/index.php\/wp-json\/wp\/v2\/product"}],"about":[{"href":"https:\/\/test.sunday.ma\/index.php\/wp-json\/wp\/v2\/types\/product"}],"replies":[{"embeddable":true,"href":"https:\/\/test.sunday.ma\/index.php\/wp-json\/wp\/v2\/comments?post=10123"}],"wp:featuredmedia":[{"embeddable":true,"href":"https:\/\/test.sunday.ma\/index.php\/wp-json\/wp\/v2\/media\/10124"}],"wp:attachment":[{"href":"https:\/\/test.sunday.ma\/index.php\/wp-json\/wp\/v2\/media?parent=10123"}],"wp:term":[{"taxonomy":"product_cat","embeddable":true,"href":"https:\/\/test.sunday.ma\/index.php\/wp-json\/wp\/v2\/product_cat?post=10123"},{"taxonomy":"product_tag","embeddable":true,"href":"https:\/\/test.sunday.ma\/index.php\/wp-json\/wp\/v2\/product_tag?post=10123"}],"curies":[{"name":"wp","href":"https:\/\/api.w.org\/{rel}","templated":true}]}}