{"id":10021,"date":"2023-08-30T23:21:34","date_gmt":"2023-08-30T23:21:34","guid":{"rendered":"https:\/\/test.sunday.ma\/?post_type=product&#038;p=10021"},"modified":"2023-12-11T09:51:02","modified_gmt":"2023-12-11T09:51:02","slug":"lot-de-4-bocaux-en-verre-417-ml-large-ouverture-avec-couvercle-et-paille-verres-reutilisables-pour-cafe-glace-jus-soda-boissons","status":"publish","type":"product","link":"https:\/\/test.sunday.ma\/index.php\/product\/lot-de-4-bocaux-en-verre-417-ml-large-ouverture-avec-couvercle-et-paille-verres-reutilisables-pour-cafe-glace-jus-soda-boissons\/","title":{"rendered":"Lot de 4 bocaux en verre &#8211; 500 ml &#8211; Large ouverture &#8211; Avec couvercle et paille &#8211; Verres r\u00e9utilisables pour caf\u00e9 glac\u00e9, jus, soda, boissons"},"content":{"rendered":"<p>1. Durable et s\u00fbr : les verres \u00e0 boire sont fabriqu\u00e9s en verre transparent durable de haute qualit\u00e9, sans plomb et sans BPA, peuvent r\u00e9sister aux changements brusques de temp\u00e9rature, et sont r\u00e9utilisables et respectueux de l&#8217;environnement.<br \/>\n2. Couvercle en bambou : le couvercle en bambou utilise une bande en silicone qui est une performance d&#8217;\u00e9tanch\u00e9it\u00e9 plus forte, et peut s&#8217;adapter compl\u00e8tement au corps du bocal, pas besoin de vous soucier des fuites.<br \/>\n3. Multifonction : la tasse en verre en forme de canette est id\u00e9ale pour toutes les boissons chaudes et froides, adapt\u00e9e pour les familles, les cuisines, les brasseries, les caf\u00e9s, les bars et les restaurants. Vous pouvez l&#8217;utiliser pour faire du th\u00e9 parfait, du th\u00e9 au lait perl\u00e9, du soda, de l&#8217;eau, du caf\u00e9 glac\u00e9, des smoothies, des jus de fruits ou toute autre boisson int\u00e9ressante.<br \/>\n4. Superbe cadeau : ce bocal est une excellente finition, parfait pour les anniversaires, les pendaisons de cr\u00e9maill\u00e8re, les bars \u00e0 la maison, les remises de dipl\u00f4mes, les mariages, les enterrements de vie de jeune fille, les cadeaux<\/p>\n","protected":false},"excerpt":{"rendered":"<p>1. Durable et s\u00fbr : les verres \u00e0 boire sont fabriqu\u00e9s en verre transparent durable de haute qualit\u00e9, sans plomb et sans BPA, peuvent r\u00e9sister aux changements brusques de temp\u00e9rature, et sont r\u00e9utilisables et respectueux de l&#8217;environnement. 2. Couvercle en bambou : le couvercle en bambou utilise une bande en silicone qui est une performance [&hellip;]<\/p>\n","protected":false},"featured_media":10022,"comment_status":"closed","ping_status":"closed","template":"","meta":[],"product_cat":[122,103],"product_tag":[],"_links":{"self":[{"href":"https:\/\/test.sunday.ma\/index.php\/wp-json\/wp\/v2\/product\/10021"}],"collection":[{"href":"https:\/\/test.sunday.ma\/index.php\/wp-json\/wp\/v2\/product"}],"about":[{"href":"https:\/\/test.sunday.ma\/index.php\/wp-json\/wp\/v2\/types\/product"}],"replies":[{"embeddable":true,"href":"https:\/\/test.sunday.ma\/index.php\/wp-json\/wp\/v2\/comments?post=10021"}],"wp:featuredmedia":[{"embeddable":true,"href":"https:\/\/test.sunday.ma\/index.php\/wp-json\/wp\/v2\/media\/10022"}],"wp:attachment":[{"href":"https:\/\/test.sunday.ma\/index.php\/wp-json\/wp\/v2\/media?parent=10021"}],"wp:term":[{"taxonomy":"product_cat","embeddable":true,"href":"https:\/\/test.sunday.ma\/index.php\/wp-json\/wp\/v2\/product_cat?post=10021"},{"taxonomy":"product_tag","embeddable":true,"href":"https:\/\/test.sunday.ma\/index.php\/wp-json\/wp\/v2\/product_tag?post=10021"}],"curies":[{"name":"wp","href":"https:\/\/api.w.org\/{rel}","templated":true}]}}